{"id":29041,"date":"2025-08-05T00:47:17","date_gmt":"2025-08-05T03:47:17","guid":{"rendered":"http:\/\/otecseg.cl\/?page_id=29041"},"modified":"2025-08-05T02:22:33","modified_gmt":"2025-08-05T05:22:33","slug":"certificaciones","status":"publish","type":"page","link":"https:\/\/otecseg.cl\/index.php\/certificaciones\/","title":{"rendered":"Certificaciones"},"content":{"rendered":"\t\t<div data-elementor-type=\"wp-page\" data-elementor-id=\"29041\" class=\"elementor elementor-29041\">\n\t\t\t\t<div class=\"wd-negative-gap elementor-element elementor-element-9650f90 e-flex e-con-boxed e-con e-parent\" data-id=\"9650f90\" data-element_type=\"container\">\n\t\t\t\t\t<div class=\"e-con-inner\">\n\t\t\t\t<div class=\"elementor-element elementor-element-038b833 elementor-widget elementor-widget-spacer\" data-id=\"038b833\" data-element_type=\"widget\" data-widget_type=\"spacer.default\">\n\t\t\t\t\t\t\t<div class=\"elementor-spacer\">\n\t\t\t<div class=\"elementor-spacer-inner\"><\/div>\n\t\t<\/div>\n\t\t\t\t\t\t<\/div>\n\t\t\t\t\t<\/div>\n\t\t\t\t<\/div>\n\t\t<div class=\"wd-negative-gap elementor-element elementor-element-139a678 e-flex e-con-boxed e-con e-parent\" data-id=\"139a678\" data-element_type=\"container\">\n\t\t\t\t\t<div class=\"e-con-inner\">\n\t\t<div class=\"elementor-element elementor-element-6fb5c15 e-con-full e-flex e-con e-child\" data-id=\"6fb5c15\" data-element_type=\"container\">\n\t\t\t\t<div class=\"elementor-element elementor-element-408a1a4 wd-width-100 elementor-widget elementor-widget-wd_title\" data-id=\"408a1a4\" data-element_type=\"widget\" data-widget_type=\"wd_title.default\">\n\t\t\t\t<div class=\"elementor-widget-container\">\n\t\t\t\t\t\t\t<div class=\"title-wrapper wd-set-mb reset-last-child wd-title-color-default wd-title-style-default wd-title-size-default text-center\">\n\n\t\t\t\n\t\t\t<div class=\"liner-continer\">\n\t\t\t\t<h4 class=\"woodmart-title-container title wd-fontsize-l\">Relatores Expertos<\/h4> \n\t\t\t\t\t\t\t<\/div>\n\n\t\t\t\t\t\t\t<div class=\"title-after_title reset-last-child wd-fontsize-xs\">\n\t\t\t\t\t<p>Los profesionales que integran nuestro Centro de Estudios poseen una destacada trayectoria en el \u00e1rea de la capacitaci\u00f3n, como tambi\u00e9n un alto compromiso y conocimiento para llevar a cabo nuestros prop\u00f3sitos.<\/p>\t\t\t\t<\/div>\n\t\t\t\t\t<\/div>\n\t\t\t\t\t\t<\/div>\n\t\t\t\t<\/div>\n\t\t\t\t<\/div>\n\t\t<div class=\"elementor-element elementor-element-0b3f8ee e-con-full e-flex e-con e-child\" data-id=\"0b3f8ee\" data-element_type=\"container\">\n\t\t\t\t<div class=\"elementor-element elementor-element-e3ab9db wd-width-100 elementor-widget elementor-widget-wd_title\" data-id=\"e3ab9db\" data-element_type=\"widget\" data-widget_type=\"wd_title.default\">\n\t\t\t\t<div class=\"elementor-widget-container\">\n\t\t\t\t\t\t\t<div class=\"title-wrapper wd-set-mb reset-last-child wd-title-color-default wd-title-style-default wd-title-size-default text-center\">\n\n\t\t\t\n\t\t\t<div class=\"liner-continer\">\n\t\t\t\t<h4 class=\"woodmart-title-container title wd-fontsize-l\">Amplia Experiencia<\/h4> \n\t\t\t\t\t\t\t<\/div>\n\n\t\t\t\t\t\t\t<div class=\"title-after_title reset-last-child wd-fontsize-xs\">\n\t\t\t\t\t<p>Nuestra vasta experiencia y conocimientos en el \u00e1rea de la Seguridad Privada, nos permiten proporcionar un servicio, con elevados est\u00e1ndares de calidad y satisfacci\u00f3n.<\/p>\t\t\t\t<\/div>\n\t\t\t\t\t<\/div>\n\t\t\t\t\t\t<\/div>\n\t\t\t\t<\/div>\n\t\t\t\t<\/div>\n\t\t<div class=\"elementor-element elementor-element-1d15aaf e-con-full e-flex e-con e-child\" data-id=\"1d15aaf\" data-element_type=\"container\">\n\t\t\t\t<div class=\"elementor-element elementor-element-3f8f07d wd-width-100 elementor-widget elementor-widget-wd_title\" data-id=\"3f8f07d\" data-element_type=\"widget\" data-widget_type=\"wd_title.default\">\n\t\t\t\t<div class=\"elementor-widget-container\">\n\t\t\t\t\t\t\t<div class=\"title-wrapper wd-set-mb reset-last-child wd-title-color-default wd-title-style-default wd-title-size-default text-center\">\n\n\t\t\t\n\t\t\t<div class=\"liner-continer\">\n\t\t\t\t<h4 class=\"woodmart-title-container title wd-fontsize-l\">Cursos Personalizados<\/h4> \n\t\t\t\t\t\t\t<\/div>\n\n\t\t\t\t\t\t\t<div class=\"title-after_title reset-last-child wd-fontsize-xs\">\n\t\t\t\t\t<p>Las actividades que nuestra organizaci\u00f3n imparte son Curso de Formaci\u00f3n para Guardias de Seguridad, Curso de Perfeccionamiento para Guardias de Seguridad, Curso de Supervisores de Seguridad Privada, Curso de Jefes de Seguridad Privada y Curso de Conserje y Mayordomo.<\/p>\t\t\t\t<\/div>\n\t\t\t\t\t<\/div>\n\t\t\t\t\t\t<\/div>\n\t\t\t\t<\/div>\n\t\t\t\t<\/div>\n\t\t<div class=\"elementor-element elementor-element-4a0c58b e-con-full e-flex e-con e-child\" data-id=\"4a0c58b\" data-element_type=\"container\">\n\t\t\t\t<\/div>\n\t\t<div class=\"elementor-element elementor-element-cf55073 e-con-full e-flex e-con e-child\" data-id=\"cf55073\" data-element_type=\"container\">\n\t\t\t\t<div class=\"elementor-element elementor-element-0f48cbd elementor-widget elementor-widget-spacer\" data-id=\"0f48cbd\" data-element_type=\"widget\" data-widget_type=\"spacer.default\">\n\t\t\t\t\t\t\t<div class=\"elementor-spacer\">\n\t\t\t<div class=\"elementor-spacer-inner\"><\/div>\n\t\t<\/div>\n\t\t\t\t\t\t<\/div>\n\t\t\t\t<\/div>\n\t\t<div class=\"elementor-element elementor-element-2506914 e-con-full e-flex e-con e-child\" data-id=\"2506914\" data-element_type=\"container\">\n\t\t\t\t<\/div>\n\t\t\t\t\t<\/div>\n\t\t\t\t<\/div>\n\t\t<div class=\"wd-negative-gap elementor-element elementor-element-7c7c544 e-flex e-con-boxed e-con e-parent\" data-id=\"7c7c544\" data-element_type=\"container\">\n\t\t\t\t\t<div class=\"e-con-inner\">\n\t\t<div class=\"elementor-element elementor-element-e7cb5cd e-con-full e-flex e-con e-child\" data-id=\"e7cb5cd\" data-element_type=\"container\">\n\t\t\t\t<div class=\"elementor-element elementor-element-98d830b wd-width-100 elementor-widget elementor-widget-wd_title\" data-id=\"98d830b\" data-element_type=\"widget\" data-widget_type=\"wd_title.default\">\n\t\t\t\t<div class=\"elementor-widget-container\">\n\t\t\t\t\t\t\t<div class=\"title-wrapper wd-set-mb reset-last-child wd-title-color-primary wd-title-style-default wd-title-size-large text-left\">\n\n\t\t\t\n\t\t\t<div class=\"liner-continer\">\n\t\t\t\t<h4 class=\"woodmart-title-container title wd-fontsize-xxl\">Sistema de Gestion de Calidad<br \/>\n(NCh 2728:2015)\u200b<\/h4> \n\t\t\t\t\t\t\t<\/div>\n\n\t\t\t\t\t<\/div>\n\t\t\t\t\t\t<\/div>\n\t\t\t\t<\/div>\n\t\t\t\t<div class=\"elementor-element elementor-element-66e47ad elementor-widget elementor-widget-wd_text_block\" data-id=\"66e47ad\" data-element_type=\"widget\" data-widget_type=\"wd_text_block.default\">\n\t\t\t\t<div class=\"elementor-widget-container\">\n\t\t\t\t\t\t\t<div class=\"wd-text-block reset-last-child text-left\">\n\t\t\t\n\t\t\t<p>Esta norma establece los requisitos para la implementaci\u00f3n de un Sistema de Gesti\u00f3n de Calidad en los Organismos T\u00e9cnicos de Capacitaci\u00f3n, llamados tambien OTEC, lo que les permitir\u00e1:<\/p><ol><li>Disponer al OTEC de informaci\u00f3n relevante que le servir\u00e1 de apoyo para la toma de decisiones estrat\u00e9gicas.<\/li><li>Orientar su gesti\u00f3n hacia la satisfacci\u00f3n del usuario y\/o participante de las actividades de capacitaci\u00f3n.<\/li><li>Definir y orientar las competencias de su personal.<\/li><li>Generar peri\u00f3dicamente informaci\u00f3n de sus resultados financieros.<\/li><li>Documentar su proceso de negocio de realizaci\u00f3n del servicio de capacitaci\u00f3n.<\/li><\/ol><p>Todos los requisitos de esta norma son gen\u00e9ricos y son aplicables a todos los OTEC sin importar su tama\u00f1o<\/p>\n\t\t\t\t\t<\/div>\n\t\t\t\t\t\t<\/div>\n\t\t\t\t<\/div>\n\t\t\t\t<\/div>\n\t\t<div class=\"elementor-element elementor-element-97d6084 e-con-full e-flex e-con e-child\" data-id=\"97d6084\" data-element_type=\"container\">\n\t\t\t\t<div class=\"elementor-element elementor-element-56aec39 elementor-widget elementor-widget-wd_image_or_svg\" data-id=\"56aec39\" data-element_type=\"widget\" data-widget_type=\"wd_image_or_svg.default\">\n\t\t\t\t<div class=\"elementor-widget-container\">\n\t\t\t\t\t\n\t\t<div class=\"wd-image text-left\">\n\t\t\t\t\t\t\t\t<img fetchpriority=\"high\" decoding=\"async\" width=\"300\" height=\"300\" src=\"https:\/\/otecseg.cl\/wp-content\/uploads\/2025\/08\/aplus_web_intercapchile.png\" class=\"attachment-full size-full\" alt=\"\" srcset=\"https:\/\/otecseg.cl\/wp-content\/uploads\/2025\/08\/aplus_web_intercapchile.png 300w, https:\/\/otecseg.cl\/wp-content\/uploads\/2025\/08\/aplus_web_intercapchile-150x150.png 150w\" sizes=\"(max-width: 300px) 100vw, 300px\" \/>\t\t\t\t\t<\/div>\n\n\t\t\t\t\t\t<\/div>\n\t\t\t\t<\/div>\n\t\t\t\t<\/div>\n\t\t\t\t\t<\/div>\n\t\t\t\t<\/div>\n\t\t<div class=\"wd-negative-gap elementor-element elementor-element-c6c706b e-flex e-con-boxed e-con e-parent\" data-id=\"c6c706b\" data-element_type=\"container\">\n\t\t\t\t\t<div class=\"e-con-inner\">\n\t\t<div class=\"elementor-element elementor-element-70c0b88 e-con-full e-flex e-con e-child\" data-id=\"70c0b88\" data-element_type=\"container\">\n\t\t\t\t<div class=\"elementor-element elementor-element-1e8e135 wd-width-100 elementor-widget elementor-widget-wd_title\" data-id=\"1e8e135\" data-element_type=\"widget\" data-widget_type=\"wd_title.default\">\n\t\t\t\t<div class=\"elementor-widget-container\">\n\t\t\t\t\t\t\t<div class=\"title-wrapper wd-set-mb reset-last-child wd-title-color-primary wd-title-style-default wd-title-size-large text-left\">\n\n\t\t\t\n\t\t\t<div class=\"liner-continer\">\n\t\t\t\t<h4 class=\"woodmart-title-container title wd-fontsize-xxl\">Acreditaci\u00f3n<br \/>\nSENCE<\/h4> \n\t\t\t\t\t\t\t<\/div>\n\n\t\t\t\t\t<\/div>\n\t\t\t\t\t\t<\/div>\n\t\t\t\t<\/div>\n\t\t\t\t<div class=\"elementor-element elementor-element-3e157ca elementor-widget elementor-widget-wd_text_block\" data-id=\"3e157ca\" data-element_type=\"widget\" data-widget_type=\"wd_text_block.default\">\n\t\t\t\t<div class=\"elementor-widget-container\">\n\t\t\t\t\t\t\t<div class=\"wd-text-block reset-last-child text-left\">\n\t\t\t\n\t\t\t<p>Nuestro Organismo T\u00e9cnico de Capacitaci\u00f3n, est\u00e1 autorizado y acreditado por el estado de Chile, a trav\u00e9s del Servicio Nacional de Capacitaci\u00f3n y Empleo (SENCE), bajo la Resoluci\u00f3n Exenta N\u00b0 0469 de fecha 31 de Enero del 2017, y que tiene por objeto la exclusividad para ejercer actividades de capacitaci\u00f3n que puedan ser imputadas a la franquicia tributaria, hoy llamada impulsa personas.<\/p>\n\t\t\t\t\t<\/div>\n\t\t\t\t\t\t<\/div>\n\t\t\t\t<\/div>\n\t\t\t\t<\/div>\n\t\t<div class=\"elementor-element elementor-element-54d5eae e-con-full e-flex e-con e-child\" data-id=\"54d5eae\" data-element_type=\"container\">\n\t\t\t\t<div class=\"elementor-element elementor-element-72cf243 elementor-widget elementor-widget-wd_image_or_svg\" data-id=\"72cf243\" data-element_type=\"widget\" data-widget_type=\"wd_image_or_svg.default\">\n\t\t\t\t<div class=\"elementor-widget-container\">\n\t\t\t\t\t\n\t\t<div class=\"wd-image text-left\">\n\t\t\t\t\t\t\t\t<img decoding=\"async\" width=\"300\" height=\"300\" src=\"https:\/\/otecseg.cl\/wp-content\/uploads\/2025\/08\/otec_plus_intercapchile.png\" class=\"attachment-full size-full\" alt=\"\" srcset=\"https:\/\/otecseg.cl\/wp-content\/uploads\/2025\/08\/otec_plus_intercapchile.png 300w, https:\/\/otecseg.cl\/wp-content\/uploads\/2025\/08\/otec_plus_intercapchile-150x150.png 150w\" sizes=\"(max-width: 300px) 100vw, 300px\" \/>\t\t\t\t\t<\/div>\n\n\t\t\t\t\t\t<\/div>\n\t\t\t\t<\/div>\n\t\t\t\t<\/div>\n\t\t\t\t\t<\/div>\n\t\t\t\t<\/div>\n\t\t<div class=\"wd-negative-gap elementor-element elementor-element-9024ac5 e-flex e-con-boxed e-con e-parent\" data-id=\"9024ac5\" data-element_type=\"container\">\n\t\t\t\t\t<div class=\"e-con-inner\">\n\t\t<div class=\"elementor-element elementor-element-44ad14e e-con-full e-flex e-con e-child\" data-id=\"44ad14e\" data-element_type=\"container\">\n\t\t\t\t<div class=\"elementor-element elementor-element-9284c68 wd-width-100 elementor-widget elementor-widget-wd_title\" data-id=\"9284c68\" data-element_type=\"widget\" data-widget_type=\"wd_title.default\">\n\t\t\t\t<div class=\"elementor-widget-container\">\n\t\t\t\t\t\t\t<div class=\"title-wrapper wd-set-mb reset-last-child wd-title-color-primary wd-title-style-default wd-title-size-large text-left\">\n\n\t\t\t\n\t\t\t<div class=\"liner-continer\">\n\t\t\t\t<h4 class=\"woodmart-title-container title wd-fontsize-xxl\">Autorizado<br \/>\nOS-10<\/h4> \n\t\t\t\t\t\t\t<\/div>\n\n\t\t\t\t\t<\/div>\n\t\t\t\t\t\t<\/div>\n\t\t\t\t<\/div>\n\t\t\t\t<div class=\"elementor-element elementor-element-4066412 elementor-widget elementor-widget-wd_text_block\" data-id=\"4066412\" data-element_type=\"widget\" data-widget_type=\"wd_text_block.default\">\n\t\t\t\t<div class=\"elementor-widget-container\">\n\t\t\t\t\t\t\t<div class=\"wd-text-block reset-last-child text-left\">\n\t\t\t\n\t\t\t<p>Seguridad Los Lagos, est\u00e1 autorizada como empresa prestadora de servicios en materias inherentes a Seguridad Privada en el \u00e1rea de capacitaci\u00f3n, conforme al C\u00f3digo Autoridad Fiscalizadora N\u00b0 321812030291, de la Prefectura de Seguridad Privada (OS-10) Departamento Departamento de Seguridad Privada, dirige y asesora las oficinas de seguridad privada de las reparticiones del pa\u00eds, en materias inherentes a su gesti\u00f3n.<\/p><p>Dentro de sus tareas propone acciones y medidas en materia de competencia, con el fin de ayudar a la Seguridad P\u00fablica en la prevenci\u00f3n de hechos il\u00edcitos.<\/p><p>Administra, controla y fiscaliza los procesos de capacitaci\u00f3n de los componentes internos y externos a la instituci\u00f3n en el \u00e1mbito de la Seguridad Privada. Asimismo, con el uso de tecnolog\u00edas y sistemas de alarmas de las entidades conectadas a Carabineros de Chile.<\/p>\n\t\t\t\t\t<\/div>\n\t\t\t\t\t\t<\/div>\n\t\t\t\t<\/div>\n\t\t\t\t<\/div>\n\t\t<div class=\"elementor-element elementor-element-90167a8 e-con-full e-flex e-con e-child\" data-id=\"90167a8\" data-element_type=\"container\">\n\t\t\t\t<div class=\"elementor-element elementor-element-11821d8 elementor-widget elementor-widget-wd_image_or_svg\" data-id=\"11821d8\" data-element_type=\"widget\" data-widget_type=\"wd_image_or_svg.default\">\n\t\t\t\t<div class=\"elementor-widget-container\">\n\t\t\t\t\t\n\t\t<div class=\"wd-image text-left\">\n\t\t\t\t\t\t\t\t<img decoding=\"async\" width=\"300\" height=\"300\" src=\"https:\/\/otecseg.cl\/wp-content\/uploads\/2025\/08\/os-10-carabineros-intercapchile.png\" class=\"attachment-full size-full\" alt=\"\" srcset=\"https:\/\/otecseg.cl\/wp-content\/uploads\/2025\/08\/os-10-carabineros-intercapchile.png 300w, https:\/\/otecseg.cl\/wp-content\/uploads\/2025\/08\/os-10-carabineros-intercapchile-150x150.png 150w\" sizes=\"(max-width: 300px) 100vw, 300px\" \/>\t\t\t\t\t<\/div>\n\n\t\t\t\t\t\t<\/div>\n\t\t\t\t<\/div>\n\t\t\t\t<\/div>\n\t\t\t\t\t<\/div>\n\t\t\t\t<\/div>\n\t\t<div class=\"wd-negative-gap elementor-element elementor-element-35ae268 e-flex e-con-boxed e-con e-parent\" data-id=\"35ae268\" data-element_type=\"container\">\n\t\t\t\t\t<div class=\"e-con-inner\">\n\t\t<div class=\"elementor-element elementor-element-5b73909 e-con-full e-flex e-con e-child\" data-id=\"5b73909\" data-element_type=\"container\">\n\t\t\t\t<div class=\"elementor-element elementor-element-1ffb38e wd-width-100 elementor-widget elementor-widget-wd_title\" data-id=\"1ffb38e\" data-element_type=\"widget\" data-widget_type=\"wd_title.default\">\n\t\t\t\t<div class=\"elementor-widget-container\">\n\t\t\t\t\t\t\t<div class=\"title-wrapper wd-set-mb reset-last-child wd-title-color-primary wd-title-style-default wd-title-size-large text-left\">\n\n\t\t\t\n\t\t\t<div class=\"liner-continer\">\n\t\t\t\t<h4 class=\"woodmart-title-container title wd-fontsize-xxl\">Autorizado<br \/>\nDIRECTEMAR<\/h4> \n\t\t\t\t\t\t\t<\/div>\n\n\t\t\t\t\t<\/div>\n\t\t\t\t\t\t<\/div>\n\t\t\t\t<\/div>\n\t\t\t\t<div class=\"elementor-element elementor-element-fea2fb7 elementor-widget elementor-widget-wd_text_block\" data-id=\"fea2fb7\" data-element_type=\"widget\" data-widget_type=\"wd_text_block.default\">\n\t\t\t\t<div class=\"elementor-widget-container\">\n\t\t\t\t\t\t\t<div class=\"wd-text-block reset-last-child text-left\">\n\t\t\t\n\t\t\t<p>Seguridad Los Lagos, est\u00e1 autorizada como empresa prestadora de servicios en materias inherentes a Seguridad Privada en el \u00e1rea de capacitaci\u00f3n, conforme a la Autorizaci\u00f3n N\u00b0 2119738, de la Autoridad Mar\u00edtima (DIRECTEMAR) Departamento Departamento de Seguridad Privada, dirige y asesora las oficinas de seguridad privada de las reparticiones del pa\u00eds, en materias inherentes a su gesti\u00f3n.<\/p><p>Administra, controla y fiscaliza los procesos de capacitaci\u00f3n de los componentes internos y externos a la instituci\u00f3n en el \u00e1mbito de la Seguridad Privada.\u00a0<\/p>\n\t\t\t\t\t<\/div>\n\t\t\t\t\t\t<\/div>\n\t\t\t\t<\/div>\n\t\t\t\t<\/div>\n\t\t<div class=\"elementor-element elementor-element-1d59e5f e-con-full e-flex e-con e-child\" data-id=\"1d59e5f\" data-element_type=\"container\">\n\t\t\t\t<div class=\"elementor-element elementor-element-0cdce9d elementor-widget elementor-widget-wd_image_or_svg\" data-id=\"0cdce9d\" data-element_type=\"widget\" data-widget_type=\"wd_image_or_svg.default\">\n\t\t\t\t<div class=\"elementor-widget-container\">\n\t\t\t\t\t\n\t\t<div class=\"wd-image text-left\">\n\t\t\t\t\t\t\t\t<img loading=\"lazy\" decoding=\"async\" width=\"225\" height=\"225\" src=\"https:\/\/otecseg.cl\/wp-content\/uploads\/2025\/08\/images-3.png\" class=\"attachment-full size-full\" alt=\"\" srcset=\"https:\/\/otecseg.cl\/wp-content\/uploads\/2025\/08\/images-3.png 225w, https:\/\/otecseg.cl\/wp-content\/uploads\/2025\/08\/images-3-150x150.png 150w\" sizes=\"(max-width: 225px) 100vw, 225px\" \/>\t\t\t\t\t<\/div>\n\n\t\t\t\t\t\t<\/div>\n\t\t\t\t<\/div>\n\t\t\t\t<\/div>\n\t\t\t\t\t<\/div>\n\t\t\t\t<\/div>\n\t\t\t\t<\/div>\n\t\t","protected":false},"excerpt":{"rendered":"<p>Relatores Expertos Los profesionales que integran nuestro Centro de Estudios poseen una destacada trayectoria en el \u00e1rea de la capacitaci\u00f3n,<\/p>\n","protected":false},"author":1,"featured_media":0,"parent":0,"menu_order":0,"comment_status":"closed","ping_status":"closed","template":"","meta":{"_joinchat":[],"footnotes":""},"class_list":["post-29041","page","type-page","status-publish","hentry"],"_links":{"self":[{"href":"https:\/\/otecseg.cl\/index.php\/wp-json\/wp\/v2\/pages\/29041","targetHints":{"allow":["GET"]}}],"collection":[{"href":"https:\/\/otecseg.cl\/index.php\/wp-json\/wp\/v2\/pages"}],"about":[{"href":"https:\/\/otecseg.cl\/index.php\/wp-json\/wp\/v2\/types\/page"}],"author":[{"embeddable":true,"href":"https:\/\/otecseg.cl\/index.php\/wp-json\/wp\/v2\/users\/1"}],"replies":[{"embeddable":true,"href":"https:\/\/otecseg.cl\/index.php\/wp-json\/wp\/v2\/comments?post=29041"}],"version-history":[{"count":7,"href":"https:\/\/otecseg.cl\/index.php\/wp-json\/wp\/v2\/pages\/29041\/revisions"}],"predecessor-version":[{"id":29080,"href":"https:\/\/otecseg.cl\/index.php\/wp-json\/wp\/v2\/pages\/29041\/revisions\/29080"}],"wp:attachment":[{"href":"https:\/\/otecseg.cl\/index.php\/wp-json\/wp\/v2\/media?parent=29041"}],"curies":[{"name":"wp","href":"https:\/\/api.w.org\/{rel}","templated":true}]}}