{"id":4400,"date":"2021-10-12T15:51:09","date_gmt":"2021-10-12T15:51:09","guid":{"rendered":"http:\/\/dummy.xtemos.com\/woodmart2\/elementor\/?page_id=4400"},"modified":"2025-08-08T16:37:53","modified_gmt":"2025-08-08T19:37:53","slug":"about-us-3","status":"publish","type":"page","link":"https:\/\/otecseg.cl\/index.php\/about-us-3\/","title":{"rendered":"Quienes Somos"},"content":{"rendered":"\t\t<div data-elementor-type=\"wp-page\" data-elementor-id=\"4400\" class=\"elementor elementor-4400\">\n\t\t\t\t<div class=\"wd-negative-gap elementor-element elementor-element-7c7c544 e-flex e-con-boxed e-con e-parent\" data-id=\"7c7c544\" data-element_type=\"container\">\n\t\t\t\t\t<div class=\"e-con-inner\">\n\t\t<div class=\"elementor-element elementor-element-e7cb5cd e-con-full e-flex e-con e-child\" data-id=\"e7cb5cd\" data-element_type=\"container\">\n\t\t\t\t<div class=\"elementor-element elementor-element-56aec39 elementor-widget elementor-widget-wd_image_or_svg\" data-id=\"56aec39\" data-element_type=\"widget\" data-widget_type=\"wd_image_or_svg.default\">\n\t\t\t\t<div class=\"elementor-widget-container\">\n\t\t\t\t\t\n\t\t<div class=\"wd-image text-left\">\n\t\t\t\t\t\t\t\t<img fetchpriority=\"high\" decoding=\"async\" width=\"1600\" height=\"1068\" src=\"https:\/\/otecseg.cl\/wp-content\/uploads\/2025\/08\/676328ef86473b1c2a49412e_605e3d2c0e0f6904dbae1b0c_Funciones20guardia20seguridad.jpeg\" class=\"attachment-full size-full\" alt=\"\" srcset=\"https:\/\/otecseg.cl\/wp-content\/uploads\/2025\/08\/676328ef86473b1c2a49412e_605e3d2c0e0f6904dbae1b0c_Funciones20guardia20seguridad.jpeg 1600w, https:\/\/otecseg.cl\/wp-content\/uploads\/2025\/08\/676328ef86473b1c2a49412e_605e3d2c0e0f6904dbae1b0c_Funciones20guardia20seguridad-400x267.jpeg 400w, https:\/\/otecseg.cl\/wp-content\/uploads\/2025\/08\/676328ef86473b1c2a49412e_605e3d2c0e0f6904dbae1b0c_Funciones20guardia20seguridad-1199x800.jpeg 1199w, https:\/\/otecseg.cl\/wp-content\/uploads\/2025\/08\/676328ef86473b1c2a49412e_605e3d2c0e0f6904dbae1b0c_Funciones20guardia20seguridad-768x513.jpeg 768w, https:\/\/otecseg.cl\/wp-content\/uploads\/2025\/08\/676328ef86473b1c2a49412e_605e3d2c0e0f6904dbae1b0c_Funciones20guardia20seguridad-1536x1025.jpeg 1536w, https:\/\/otecseg.cl\/wp-content\/uploads\/2025\/08\/676328ef86473b1c2a49412e_605e3d2c0e0f6904dbae1b0c_Funciones20guardia20seguridad-430x287.jpeg 430w, https:\/\/otecseg.cl\/wp-content\/uploads\/2025\/08\/676328ef86473b1c2a49412e_605e3d2c0e0f6904dbae1b0c_Funciones20guardia20seguridad-700x467.jpeg 700w, https:\/\/otecseg.cl\/wp-content\/uploads\/2025\/08\/676328ef86473b1c2a49412e_605e3d2c0e0f6904dbae1b0c_Funciones20guardia20seguridad-150x100.jpeg 150w\" sizes=\"(max-width: 1600px) 100vw, 1600px\" \/>\t\t\t\t\t<\/div>\n\n\t\t\t\t\t\t<\/div>\n\t\t\t\t<\/div>\n\t\t\t\t<\/div>\n\t\t<div class=\"elementor-element elementor-element-97d6084 e-con-full e-flex e-con e-child\" data-id=\"97d6084\" data-element_type=\"container\">\n\t\t\t\t<div class=\"elementor-element elementor-element-98d830b wd-width-100 elementor-widget elementor-widget-wd_title\" data-id=\"98d830b\" data-element_type=\"widget\" data-widget_type=\"wd_title.default\">\n\t\t\t\t<div class=\"elementor-widget-container\">\n\t\t\t\t\t\t\t<div class=\"title-wrapper wd-set-mb reset-last-child wd-title-color-primary wd-title-style-default wd-title-size-large text-left\">\n\n\t\t\t\n\t\t\t<div class=\"liner-continer\">\n\t\t\t\t<h4 class=\"woodmart-title-container title wd-fontsize-xxl\">Quienes Somos<\/h4> \n\t\t\t\t\t\t\t<\/div>\n\n\t\t\t\t\t<\/div>\n\t\t\t\t\t\t<\/div>\n\t\t\t\t<\/div>\n\t\t\t\t<div class=\"elementor-element elementor-element-66e47ad elementor-widget elementor-widget-wd_text_block\" data-id=\"66e47ad\" data-element_type=\"widget\" data-widget_type=\"wd_text_block.default\">\n\t\t\t\t<div class=\"elementor-widget-container\">\n\t\t\t\t\t\t\t<div class=\"wd-text-block reset-last-child text-left\">\n\t\t\t\n\t\t\t<p style=\"font-style: inherit; font-weight: 400;\"><strong>\u2981 Qui\u00e9nes Somos<\/strong><br \/>Somos OTECSEG, un Organismo T\u00e9cnico de Capacitaci\u00f3n certificado en Chile, especializado en la formaci\u00f3n de personal en el \u00e1rea de la seguridad privada terrestre y portuaria, incluyendo formaci\u00f3n en tecnolog\u00edas de videovigilancia (CCTV).<br \/>Contamos con registro vigente en SENCE y acreditaci\u00f3n conforme a la Norma Chilena NCh2728:2015, lo que garantiza la calidad de nuestros procesos de ense\u00f1anza y gesti\u00f3n.<br \/><strong>\u2981 Misi\u00f3n<\/strong><br \/>Contribuir al desarrollo profesional de personas y organizaciones mediante programas de capacitaci\u00f3n t\u00e9cnica de calidad, enfocados en la seguridad privada, promoviendo competencias laborales que fortalezcan el empleo y la productividad.<br \/><strong>\u2981 Visi\u00f3n<\/strong><br \/>Ser reconocidos a nivel regional como un referente en capacitaci\u00f3n para el rubro de seguridad, destacando por nuestra innovaci\u00f3n, responsabilidad, y compromiso con la formaci\u00f3n continua de nuestros alumnos y clientes.<\/p>\n\t\t\t\t\t<\/div>\n\t\t\t\t\t\t<\/div>\n\t\t\t\t<\/div>\n\t\t<div class=\"elementor-element elementor-element-3eef7d8 e-con-full e-flex e-con e-child\" data-id=\"3eef7d8\" data-element_type=\"container\">\n\t\t\t\t<\/div>\n\t\t\t\t<\/div>\n\t\t\t\t\t<\/div>\n\t\t\t\t<\/div>\n\t\t<div class=\"wd-negative-gap elementor-element elementor-element-08d925f e-flex e-con-boxed e-con e-parent\" data-id=\"08d925f\" data-element_type=\"container\" data-settings=\"{&quot;background_background&quot;:&quot;classic&quot;}\">\n\t\t\t\t\t<div class=\"e-con-inner\">\n\t\t<div class=\"elementor-element elementor-element-085b3a7 e-con-full e-flex e-con e-child\" data-id=\"085b3a7\" data-element_type=\"container\">\n\t\t\t\t<div class=\"elementor-element elementor-element-58069f3 wd-width-100 elementor-widget elementor-widget-wd_title\" data-id=\"58069f3\" data-element_type=\"widget\" data-widget_type=\"wd_title.default\">\n\t\t\t\t<div class=\"elementor-widget-container\">\n\t\t\t\t\t\t\t<div class=\"title-wrapper wd-set-mb reset-last-child wd-title-color-default wd-title-style-default wd-title-size-default text-left\">\n\n\t\t\t\n\t\t\t<div class=\"liner-continer\">\n\t\t\t\t<h4 class=\"woodmart-title-container title wd-fontsize-l\">Nuestro Equipo Docente<\/h4> \n\t\t\t\t\t\t\t<\/div>\n\n\t\t\t\t\t\t\t<div class=\"title-after_title reset-last-child wd-fontsize-xs\">\n\t\t\t\t\t<p><br \/>\u2981 Contamos con un equipo de instructores certificados y con experiencia activa en el \u00e1rea de seguridad, tanto en operaciones como en docencia.<br \/>Todos nuestros docentes:<br \/>\u2981 Est\u00e1n acreditados ante Carabineros de Chile \u2013 OS10.<br \/>\u2981 Cuentan con formaci\u00f3n pedag\u00f3gica para la capacitaci\u00f3n de adultos.<br \/>\u2981 Poseen experiencia en terreno y en instalaciones reales.<br \/>\u2981 Se actualizan constantemente en tecnolog\u00eda, legislaci\u00f3n y normativa vigente.<\/p>\t\t\t\t<\/div>\n\t\t\t\t\t<\/div>\n\t\t\t\t\t\t<\/div>\n\t\t\t\t<\/div>\n\t\t\t\t<\/div>\n\t\t<div class=\"elementor-element elementor-element-ff7e35f e-con-full e-flex e-con e-child\" data-id=\"ff7e35f\" data-element_type=\"container\">\n\t\t\t\t<div class=\"elementor-element elementor-element-d4e398d elementor-widget elementor-widget-image\" data-id=\"d4e398d\" data-element_type=\"widget\" data-widget_type=\"image.default\">\n\t\t\t\t\t\t\t\t\t\t\t\t\t\t\t<img decoding=\"async\" width=\"1200\" height=\"742\" src=\"https:\/\/otecseg.cl\/wp-content\/uploads\/2021\/10\/corporate-2-blog-img-1.jpg\" class=\"attachment-large size-large wp-image-7420\" alt=\"\" \/>\t\t\t\t\t\t\t\t\t\t\t\t\t\t\t<\/div>\n\t\t\t\t<\/div>\n\t\t\t\t\t<\/div>\n\t\t\t\t<\/div>\n\t\t<div class=\"wd-negative-gap elementor-element elementor-element-2dfd787 e-flex e-con-boxed e-con e-parent\" data-id=\"2dfd787\" data-element_type=\"container\">\n\t\t\t\t\t<div class=\"e-con-inner\">\n\t\t\t\t<div class=\"elementor-element elementor-element-7d1b09c wd-width-100 elementor-widget elementor-widget-wd_title\" data-id=\"7d1b09c\" data-element_type=\"widget\" data-widget_type=\"wd_title.default\">\n\t\t\t\t<div class=\"elementor-widget-container\">\n\t\t\t\t\t\t\t<div class=\"title-wrapper wd-set-mb reset-last-child wd-title-color-default wd-title-style-default wd-title-size-default text-center\">\n\n\t\t\t\n\t\t\t<div class=\"liner-continer\">\n\t\t\t\t<h4 class=\"woodmart-title-container title wd-fontsize-l\">Reserva tu cupo ahora<\/h4> \n\t\t\t\t\t\t\t<\/div>\n\n\t\t\t\t\t<\/div>\n\t\t\t\t\t\t<\/div>\n\t\t\t\t<\/div>\n\t\t\t\t\t<\/div>\n\t\t\t\t<\/div>\n\t\t<div class=\"wd-negative-gap elementor-element elementor-element-1e6779a e-flex e-con-boxed e-con e-parent\" data-id=\"1e6779a\" data-element_type=\"container\">\n\t\t\t\t\t<div class=\"e-con-inner\">\n\t\t\t\t<div class=\"elementor-element elementor-element-6a586ef elementor-widget elementor-widget-image\" data-id=\"6a586ef\" data-element_type=\"widget\" data-widget_type=\"image.default\">\n\t\t\t\t\t\t\t\t\t\t\t\t\t\t\t\t<a href=\"https:\/\/wa.me\/56989004107?text=Hola,%20quiero%20inscribirme%20en%20el%20curso%20Guardia%20de%20Seguridad%20con%20CCTV\">\n\t\t\t\t\t\t\t<img decoding=\"async\" width=\"400\" height=\"80\" src=\"https:\/\/otecseg.cl\/wp-content\/uploads\/2025\/08\/wahts-400x80.png\" class=\"attachment-medium size-medium wp-image-29131\" alt=\"\" srcset=\"https:\/\/otecseg.cl\/wp-content\/uploads\/2025\/08\/wahts-400x80.png 400w, https:\/\/otecseg.cl\/wp-content\/uploads\/2025\/08\/wahts-768x154.png 768w, https:\/\/otecseg.cl\/wp-content\/uploads\/2025\/08\/wahts-430x86.png 430w, https:\/\/otecseg.cl\/wp-content\/uploads\/2025\/08\/wahts-700x140.png 700w, https:\/\/otecseg.cl\/wp-content\/uploads\/2025\/08\/wahts-150x30.png 150w, https:\/\/otecseg.cl\/wp-content\/uploads\/2025\/08\/wahts.png 1000w\" sizes=\"(max-width: 400px) 100vw, 400px\" \/>\t\t\t\t\t\t\t\t<\/a>\n\t\t\t\t\t\t\t\t\t\t\t\t\t\t\t<\/div>\n\t\t\t\t\t<\/div>\n\t\t\t\t<\/div>\n\t\t\t\t<\/div>\n\t\t","protected":false},"excerpt":{"rendered":"<p>Quienes Somos \u2981 Qui\u00e9nes SomosSomos OTECSEG, un Organismo T\u00e9cnico de Capacitaci\u00f3n certificado en Chile, especializado en la formaci\u00f3n de personal<\/p>\n","protected":false},"author":1,"featured_media":0,"parent":0,"menu_order":0,"comment_status":"closed","ping_status":"closed","template":"","meta":{"_joinchat":[],"footnotes":""},"class_list":["post-4400","page","type-page","status-publish","hentry"],"_links":{"self":[{"href":"https:\/\/otecseg.cl\/index.php\/wp-json\/wp\/v2\/pages\/4400","targetHints":{"allow":["GET"]}}],"collection":[{"href":"https:\/\/otecseg.cl\/index.php\/wp-json\/wp\/v2\/pages"}],"about":[{"href":"https:\/\/otecseg.cl\/index.php\/wp-json\/wp\/v2\/types\/page"}],"author":[{"embeddable":true,"href":"https:\/\/otecseg.cl\/index.php\/wp-json\/wp\/v2\/users\/1"}],"replies":[{"embeddable":true,"href":"https:\/\/otecseg.cl\/index.php\/wp-json\/wp\/v2\/comments?post=4400"}],"version-history":[{"count":13,"href":"https:\/\/otecseg.cl\/index.php\/wp-json\/wp\/v2\/pages\/4400\/revisions"}],"predecessor-version":[{"id":29250,"href":"https:\/\/otecseg.cl\/index.php\/wp-json\/wp\/v2\/pages\/4400\/revisions\/29250"}],"wp:attachment":[{"href":"https:\/\/otecseg.cl\/index.php\/wp-json\/wp\/v2\/media?parent=4400"}],"curies":[{"name":"wp","href":"https:\/\/api.w.org\/{rel}","templated":true}]}}